{"id":13,"date":"2023-11-23T12:38:46","date_gmt":"2023-11-23T12:38:46","guid":{"rendered":"https:\/\/dark-web-de-france.com\/?page_id=13"},"modified":"2026-01-07T10:20:18","modified_gmt":"2026-01-07T10:20:18","slug":"dark-web-de-france","status":"publish","type":"page","link":"https:\/\/dark-web-de-france.com\/","title":{"rendered":"Accueil"},"content":{"rendered":"\n<div class=\"wp-block-group alignfull is-layout-constrained wp-container-core-group-is-layout-490fa1db wp-block-group-is-layout-constrained\" style=\"padding-top:var(--wp--preset--spacing--50);padding-right:var(--wp--preset--spacing--50);padding-bottom:var(--wp--preset--spacing--50);padding-left:var(--wp--preset--spacing--50)\">\n<div class=\"wp-block-group is-layout-constrained wp-container-core-group-is-layout-650790e1 wp-block-group-is-layout-constrained\">\n<h1 class=\"wp-block-heading has-text-align-center has-x-large-font-size\">La face sombre d&#8217;internet<\/h1>\n\n\n\n<div style=\"height:1.25rem\" aria-hidden=\"true\" class=\"wp-block-spacer\"><\/div>\n\n\n\n<p class=\"has-text-align-center has-medium-font-size\">Tour d&#8217;horizons du darkweb fran\u00e7ais en 2026<\/p>\n\n\n\n<div style=\"height:1.25rem\" aria-hidden=\"true\" class=\"wp-block-spacer\"><\/div>\n\n\n\n<div class=\"wp-block-buttons is-content-justification-center is-layout-flex wp-container-core-buttons-is-layout-a89b3969 wp-block-buttons-is-layout-flex\"><\/div>\n<\/div>\n\n\n\n<div style=\"height:var(--wp--preset--spacing--30)\" aria-hidden=\"true\" class=\"wp-block-spacer\"><\/div>\n\n\n\n<figure class=\"wp-block-gallery alignwide has-nested-images columns-default is-cropped wp-block-gallery-1 is-layout-flex wp-block-gallery-is-layout-flex\">\n<figure class=\"wp-block-image size-full is-style-rounded\"><img fetchpriority=\"high\" decoding=\"async\" width=\"930\" height=\"487\" data-id=\"22\" src=\"https:\/\/dark-web-de-france.com\/wp-content\/uploads\/2023\/11\/tor-dark-web-930x487-1.webp\" alt=\"\" class=\"wp-image-22\" srcset=\"https:\/\/dark-web-de-france.com\/wp-content\/uploads\/2023\/11\/tor-dark-web-930x487-1.webp 930w, https:\/\/dark-web-de-france.com\/wp-content\/uploads\/2023\/11\/tor-dark-web-930x487-1-300x157.webp 300w, https:\/\/dark-web-de-france.com\/wp-content\/uploads\/2023\/11\/tor-dark-web-930x487-1-768x402.webp 768w\" sizes=\"(max-width: 930px) 100vw, 930px\" \/><\/figure>\n<\/figure>\n<\/div>\n\n\n\n<div class=\"wp-block-group alignfull has-base-2-background-color has-background is-layout-constrained wp-container-core-group-is-layout-669513ed wp-block-group-is-layout-constrained\" style=\"margin-top:0;margin-bottom:0;padding-top:var(--wp--preset--spacing--50);padding-right:var(--wp--preset--spacing--50);padding-bottom:var(--wp--preset--spacing--50);padding-left:var(--wp--preset--spacing--50)\">\n<div class=\"wp-block-group is-vertical is-content-justification-center is-layout-flex wp-container-core-group-is-layout-52b864f0 wp-block-group-is-layout-flex\">\n<h2 class=\"wp-block-heading has-text-align-center is-style-asterisk\">En un mot : Libert\u00e9 ! <\/h2>\n\n\n\n<div style=\"height:0px\" aria-hidden=\"true\" class=\"wp-block-spacer wp-container-content-4f2ccadb\"><\/div>\n\n\n\n<p class=\"has-text-align-center has-medium-font-size\">Dans un monde num\u00e9rique o\u00f9 la notion de libert\u00e9 prend une nouvelle signification, le darkweb \u00e9merge comme un espace fascinant, bien que souvent intimidant pour les novices. C&#8217;est un lieu o\u00f9 la fronti\u00e8re entre le meilleur et le pire s&#8217;estompe, offrant une perspective unique sur la nature de la vie en ligne.<\/p>\n<\/div>\n\n\n\n<div style=\"margin-top:0;margin-bottom:0;height:var(--wp--preset--spacing--40)\" aria-hidden=\"true\" class=\"wp-block-spacer\"><\/div>\n\n\n\n<div class=\"wp-block-columns alignwide is-layout-flex wp-container-core-columns-is-layout-d0bbbce0 wp-block-columns-is-layout-flex\">\n<div class=\"wp-block-column is-layout-flow wp-container-core-column-is-layout-e3d1c41b wp-block-column-is-layout-flow\">\n<h3 class=\"wp-block-heading has-text-align-left is-style-asterisk has-body-font-family has-medium-font-size\" style=\"font-style:normal;font-weight:600\">Achats\/Ventes de tous produits et services<\/h3>\n\n\n\n<p class=\"has-text-align-left has-medium-font-size\">Sur le darkweb, les possibilit\u00e9s sont illimit\u00e9es en ce qui concerne les achats, les ventes de produits et les services. C&#8217;est un march\u00e9 sans fronti\u00e8res, o\u00f9 l&#8217;on trouve de tout, du l\u00e9gal \u00e0 l&#8217;ill\u00e9gal, du conventionnel \u00e0 l&#8217;inhabituel.<\/p>\n<\/div>\n\n\n\n<div class=\"wp-block-column is-layout-flow wp-container-core-column-is-layout-e3d1c41b wp-block-column-is-layout-flow\">\n<h3 class=\"wp-block-heading has-text-align-left is-style-asterisk has-body-font-family has-medium-font-size\" style=\"font-style:normal;font-weight:600\">Partage d&#8217;Informations<\/h3>\n\n\n\n<p class=\"has-text-align-left has-medium-font-size\">La qu\u00eate incessante de libert\u00e9 et de confidentialit\u00e9 anime le darkweb. Les utilisateurs y \u00e9changent des informations, des id\u00e9es et des connaissances dans une atmosph\u00e8re de discr\u00e9tion et d&#8217;anonymat.<\/p>\n<\/div>\n\n\n\n<div class=\"wp-block-column is-layout-flow wp-container-core-column-is-layout-e3d1c41b wp-block-column-is-layout-flow\">\n<h3 class=\"wp-block-heading has-text-align-left is-style-asterisk has-body-font-family has-medium-font-size\" style=\"font-style:normal;font-weight:600\">S\u00e9curit\u00e9<\/h3>\n\n\n\n<p class=\"has-text-align-left has-medium-font-size\">Dans cet univers num\u00e9rique clandestin, la s\u00e9curit\u00e9 rev\u00eat une importance cruciale. Les utilisateurs du darkweb recherchent des moyens innovants pour prot\u00e9ger leurs donn\u00e9es sensibles et assurer une confidentialit\u00e9 in\u00e9branlable lors de leurs transactions.<\/p>\n<\/div>\n<\/div>\n\n\n\n<div style=\"height:var(--wp--preset--spacing--20)\" aria-hidden=\"true\" class=\"wp-block-spacer\"><\/div>\n\n\n\n<div class=\"wp-block-columns alignwide is-layout-flex wp-container-core-columns-is-layout-d0bbbce0 wp-block-columns-is-layout-flex\">\n<div class=\"wp-block-column is-layout-flow wp-container-core-column-is-layout-e3d1c41b wp-block-column-is-layout-flow\">\n<h3 class=\"wp-block-heading has-text-align-left is-style-asterisk has-body-font-family has-medium-font-size\" style=\"font-style:normal;font-weight:600\">L\u00e9galit\u00e9 Ambigu\u00eb<\/h3>\n\n\n\n<p class=\"has-text-align-left has-medium-font-size\">L&#8217;une des caract\u00e9ristiques les plus intrigantes du darkweb est l&#8217;ambigu\u00eft\u00e9 entourant la l\u00e9galit\u00e9 de nombreuses activit\u00e9s qui s&#8217;y d\u00e9roulent. Alors que certains utilisateurs explorent les limites de la l\u00e9galit\u00e9, d&#8217;autres pr\u00e9f\u00e8rent rester dans les zones d&#8217;ombre, \u00e9vitant toute confrontation avec la loi.<\/p>\n<\/div>\n\n\n\n<div class=\"wp-block-column is-layout-flow wp-container-core-column-is-layout-e3d1c41b wp-block-column-is-layout-flow\">\n<h3 class=\"wp-block-heading has-text-align-left is-style-asterisk has-body-font-family has-medium-font-size\" style=\"font-style:normal;font-weight:600\">M\u00e9thodes de Paiement Crypt\u00e9es<\/h3>\n\n\n\n<p class=\"has-text-align-left has-medium-font-size\">Les transactions financi\u00e8res sur le darkweb sont souvent effectu\u00e9es \u00e0 l&#8217;aide de m\u00e9thodes de paiement crypt\u00e9es. Les cryptomonnaies, telles que le Bitcoin, sont monnaie courante, offrant un niveau suppl\u00e9mentaire d&#8217;anonymat aux participants du march\u00e9.<\/p>\n<\/div>\n\n\n\n<div class=\"wp-block-column is-layout-flow wp-container-core-column-is-layout-e3d1c41b wp-block-column-is-layout-flow\">\n<h3 class=\"wp-block-heading has-text-align-left is-style-asterisk has-body-font-family has-medium-font-size\" style=\"font-style:normal;font-weight:600\">Anonymat et Confidentialit\u00e9<\/h3>\n\n\n\n<p class=\"has-text-align-left has-medium-font-size\">L&#8217;anonymat est au c\u0153ur du darkweb, permettant aux utilisateurs de naviguer en toute discr\u00e9tion. L&#8217;accent mis sur la confidentialit\u00e9 attire ceux qui cherchent \u00e0 prot\u00e9ger leur identit\u00e9 tout en participant \u00e0 des activit\u00e9s en ligne vari\u00e9es.<\/p>\n<\/div>\n<\/div>\n<\/div>\n\n\n\n<div class=\"wp-block-group alignfull is-layout-constrained wp-container-core-group-is-layout-d89aad35 wp-block-group-is-layout-constrained\" style=\"margin-top:0;margin-bottom:0;padding-top:var(--wp--preset--spacing--50);padding-right:var(--wp--preset--spacing--50);padding-bottom:var(--wp--preset--spacing--50);padding-left:var(--wp--preset--spacing--50)\">\n<div class=\"wp-block-group alignwide is-layout-constrained wp-container-core-group-is-layout-19e250f3 wp-block-group-is-layout-constrained\">\n<div class=\"wp-block-group is-vertical is-content-justification-center is-layout-flex wp-container-core-group-is-layout-6329a8f3 wp-block-group-is-layout-flex\">\n<h2 class=\"wp-block-heading has-text-align-center is-style-asterisk\">TOR<\/h2>\n\n\n\n<p class=\"has-text-align-center has-medium-font-size\">Naviguer dans les recoins du darkweb n\u00e9cessite l&#8217;outil ad\u00e9quat : Tor, le navigateur qui vous ouvre les portes d&#8217;un monde en ligne dissimul\u00e9<\/p>\n<\/div>\n\n\n\n<div style=\"height:var(--wp--preset--spacing--40)\" aria-hidden=\"true\" class=\"wp-block-spacer\"><\/div>\n\n\n\n<div class=\"wp-block-columns alignwide is-layout-flex wp-container-core-columns-is-layout-d1c656ed wp-block-columns-is-layout-flex\">\n<div class=\"wp-block-column is-vertically-aligned-center is-layout-flow wp-block-column-is-layout-flow\" style=\"flex-basis:40%\">\n<h3 class=\"wp-block-heading is-style-asterisk\">Pour aller plus loin : <\/h3>\n\n\n\n<ul style=\"line-height:1.75\" class=\"wp-block-list is-style-checkmark-list\">\n<li><a href=\"https:\/\/dark-web-de-france.com\/index.php\/comment-surfer-dans-le-darkweb\/\">Comment sufer sur le DarkWeb<\/a><\/li>\n\n\n\n<li><a href=\"https:\/\/dark-web-de-france.com\/index.php\/cryptomonnaies\/\">Cryptomonnaies<\/a><\/li>\n\n\n\n<li><a href=\"https:\/\/dark-web-de-france.com\/index.php\/liste-de-liens-tor\/\">Liste de liens TOR en Fran\u00e7ais<\/a><\/li>\n<\/ul>\n<\/div>\n\n\n\n<div class=\"wp-block-column is-layout-flow wp-block-column-is-layout-flow\" style=\"flex-basis:50%\">\n<figure class=\"wp-block-image size-full is-style-rounded\"><img decoding=\"async\" width=\"976\" height=\"549\" src=\"https:\/\/dark-web-de-france.com\/wp-content\/uploads\/2023\/11\/tor.webp\" alt=\"\" class=\"wp-image-43\" srcset=\"https:\/\/dark-web-de-france.com\/wp-content\/uploads\/2023\/11\/tor.webp 976w, https:\/\/dark-web-de-france.com\/wp-content\/uploads\/2023\/11\/tor-300x169.webp 300w, https:\/\/dark-web-de-france.com\/wp-content\/uploads\/2023\/11\/tor-768x432.webp 768w\" sizes=\"(max-width: 976px) 100vw, 976px\" \/><\/figure>\n<\/div>\n<\/div>\n\n\n\n<div style=\"height:var(--wp--preset--spacing--40)\" aria-hidden=\"true\" class=\"wp-block-spacer\"><\/div>\n\n\n\n<div class=\"wp-block-columns alignwide is-layout-flex wp-container-core-columns-is-layout-d1c656ed wp-block-columns-is-layout-flex\">\n<div class=\"wp-block-column is-layout-flow wp-block-column-is-layout-flow\" style=\"flex-basis:50%\">\n<figure class=\"wp-block-image size-full is-style-rounded\"><img decoding=\"async\" width=\"1024\" height=\"676\" src=\"https:\/\/dark-web-de-france.com\/wp-content\/uploads\/2023\/11\/Ahmia-1024x676-1.jpg\" alt=\"\" class=\"wp-image-53\" srcset=\"https:\/\/dark-web-de-france.com\/wp-content\/uploads\/2023\/11\/Ahmia-1024x676-1.jpg 1024w, https:\/\/dark-web-de-france.com\/wp-content\/uploads\/2023\/11\/Ahmia-1024x676-1-300x198.jpg 300w, https:\/\/dark-web-de-france.com\/wp-content\/uploads\/2023\/11\/Ahmia-1024x676-1-768x507.jpg 768w\" sizes=\"(max-width: 1024px) 100vw, 1024px\" \/><\/figure>\n<\/div>\n\n\n\n<div class=\"wp-block-column is-vertically-aligned-center is-layout-flow wp-block-column-is-layout-flow\" style=\"flex-basis:40%\">\n<h3 class=\"wp-block-heading is-style-asterisk\">Lien du clearnet : <\/h3>\n\n\n\n<ul style=\"line-height:1.75\" class=\"wp-block-list is-style-checkmark-list\">\n<li><a href=\"https:\/\/ahmia.fi\/\">Moteur de recherche pour TOR &#8221; Ahmia &#8220;<\/a><\/li>\n\n\n\n<li><a href=\"https:\/\/account.proton.me\">Protonmail<\/a><\/li>\n\n\n\n<li><a href=\"https:\/\/www.torproject.org\/fr\/\">Navigateur TOR <\/a><\/li>\n<\/ul>\n<\/div>\n<\/div>\n<\/div>\n<\/div>\n\n\n\n<div class=\"wp-block-group alignfull has-base-color has-contrast-background-color has-text-color has-background is-layout-constrained wp-container-core-group-is-layout-ef3d885c wp-block-group-is-layout-constrained\" style=\"margin-top:0;margin-bottom:0;padding-top:var(--wp--preset--spacing--60);padding-right:var(--wp--preset--spacing--60);padding-bottom:var(--wp--preset--spacing--60);padding-left:var(--wp--preset--spacing--60)\">\n<div class=\"wp-block-group is-layout-constrained wp-block-group-is-layout-constrained\">\n<p class=\"has-text-align-center has-base-color has-text-color has-heading-font-family has-x-large-font-size\" style=\"line-height:1.2\"> <em>\u201cLa confidentialit\u00e9 est le bouclier du citoyen num\u00e9rique. Comme le dit l&#8217;anonymat en ligne : &#8216;Tor est la cl\u00e9 qui ouvre la porte vers la libert\u00e9 num\u00e9rique.&#8217;\u201d<\/em> <\/p>\n\n\n\n<div style=\"height:var(--wp--preset--spacing--10)\" aria-hidden=\"true\" class=\"wp-block-spacer\"><\/div>\n\n\n\n<div class=\"wp-block-group is-vertical is-content-justification-center is-nowrap is-layout-flex wp-container-core-group-is-layout-2dc08cea wp-block-group-is-layout-flex\">\n\n\n<p class=\"has-text-align-center\" style=\"margin-top:var(--wp--preset--spacing--10);margin-bottom:0\">Antony Vitalk<\/p>\n\n\n\n<p class=\"has-text-align-center has-contrast-3-color has-text-color has-small-font-size\" style=\"font-style:normal;font-weight:300\"><\/p>\n<\/div>\n<\/div>\n<\/div>\n\n\n\n<div class=\"wp-block-group alignfull is-layout-constrained wp-container-core-group-is-layout-d89aad35 wp-block-group-is-layout-constrained\" style=\"margin-top:0;margin-bottom:0;padding-top:var(--wp--preset--spacing--50);padding-right:var(--wp--preset--spacing--50);padding-bottom:var(--wp--preset--spacing--50);padding-left:var(--wp--preset--spacing--50)\">\n<div class=\"wp-block-group alignwide is-layout-constrained wp-block-group-is-layout-constrained\"><\/div>\n<\/div>\n\n\n\n<div class=\"wp-block-group alignfull is-layout-constrained wp-container-core-group-is-layout-d89aad35 wp-block-group-is-layout-constrained\" style=\"margin-top:0;margin-bottom:0;padding-top:var(--wp--preset--spacing--50);padding-right:var(--wp--preset--spacing--50);padding-bottom:var(--wp--preset--spacing--50);padding-left:var(--wp--preset--spacing--50)\">\n<div class=\"wp-block-group alignwide has-base-2-background-color has-background is-layout-constrained wp-container-core-group-is-layout-39412042 wp-block-group-is-layout-constrained\" style=\"border-radius:16px;padding-top:var(--wp--preset--spacing--40);padding-right:var(--wp--preset--spacing--50);padding-bottom:var(--wp--preset--spacing--40);padding-left:var(--wp--preset--spacing--50)\">\n<div style=\"height:var(--wp--preset--spacing--10)\" aria-hidden=\"true\" class=\"wp-block-spacer\"><\/div>\n\n\n\n<div style=\"height:var(--wp--preset--spacing--10)\" aria-hidden=\"true\" class=\"wp-block-spacer\"><\/div>\n<\/div>\n<\/div>\n","protected":false},"excerpt":{"rendered":"<p>La face sombre d&#8217;internet Tour d&#8217;horizons du darkweb fran\u00e7ais en 2026 En un mot : Libert\u00e9 ! Dans un monde num\u00e9rique o\u00f9 la notion de libert\u00e9 prend une nouvelle signification, le darkweb \u00e9merge comme un espace fascinant, bien que souvent intimidant pour les novices. C&#8217;est un lieu o\u00f9 la fronti\u00e8re entre le meilleur et le [&hellip;]<\/p>\n","protected":false},"author":1,"featured_media":0,"parent":0,"menu_order":0,"comment_status":"closed","ping_status":"closed","template":"","meta":{"footnotes":""},"class_list":["post-13","page","type-page","status-publish","hentry"],"blocksy_meta":[],"_links":{"self":[{"href":"https:\/\/dark-web-de-france.com\/index.php\/wp-json\/wp\/v2\/pages\/13","targetHints":{"allow":["GET"]}}],"collection":[{"href":"https:\/\/dark-web-de-france.com\/index.php\/wp-json\/wp\/v2\/pages"}],"about":[{"href":"https:\/\/dark-web-de-france.com\/index.php\/wp-json\/wp\/v2\/types\/page"}],"author":[{"embeddable":true,"href":"https:\/\/dark-web-de-france.com\/index.php\/wp-json\/wp\/v2\/users\/1"}],"replies":[{"embeddable":true,"href":"https:\/\/dark-web-de-france.com\/index.php\/wp-json\/wp\/v2\/comments?post=13"}],"version-history":[{"count":24,"href":"https:\/\/dark-web-de-france.com\/index.php\/wp-json\/wp\/v2\/pages\/13\/revisions"}],"predecessor-version":[{"id":158,"href":"https:\/\/dark-web-de-france.com\/index.php\/wp-json\/wp\/v2\/pages\/13\/revisions\/158"}],"wp:attachment":[{"href":"https:\/\/dark-web-de-france.com\/index.php\/wp-json\/wp\/v2\/media?parent=13"}],"curies":[{"name":"wp","href":"https:\/\/api.w.org\/{rel}","templated":true}]}}